{"id":1461,"date":"2015-07-16T09:12:44","date_gmt":"2015-07-16T09:12:44","guid":{"rendered":"https:\/\/emmi.ee\/%d0%bc%d0%b5%d1%81%d1%82%d0%be%d0%bf%d0%be%d0%bb%d0%be%d0%b6%d0%b5%d0%bd%d0%b8%d0%b5\/"},"modified":"2025-10-11T07:34:34","modified_gmt":"2025-10-11T07:34:34","slug":"sijainti","status":"publish","type":"page","link":"https:\/\/emmi.ee\/fi\/sijainti\/","title":{"rendered":"Sijainti"},"content":{"rendered":"\n<style type=\"text\/css\" data-created_by=\"avia_inline_auto\" id=\"style-css-av-145nae-2ebd9f8c8203273ce113e6d9e225a540\">\n.avia-section.av-145nae-2ebd9f8c8203273ce113e6d9e225a540{\nbackground-repeat:no-repeat;\nbackground-image:url(https:\/\/emmi.ee\/wp-content\/uploads\/2025\/08\/hotell2-1500x430.jpg);\nbackground-position:50% 50%;\nbackground-attachment:scroll;\n}\n.avia-section.av-145nae-2ebd9f8c8203273ce113e6d9e225a540 .av-section-color-overlay{\nopacity:0.6;\nbackground-color:#084a79;\n}\n<\/style>\n<div id='av_section_1'  class='avia-section av-145nae-2ebd9f8c8203273ce113e6d9e225a540 main_color avia-section-default avia-no-border-styling  avia-builder-el-0  el_before_av_section  avia-builder-el-first  avia-full-stretch avia-bg-style-scroll av-section-color-overlay-active av-minimum-height av-minimum-height-custom av-height-custom  container_wrap fullsize'  data-section-bg-repeat='stretch' data-av_minimum_height_px='200'><div class=\"av-section-color-overlay-wrap\"><div class=\"av-section-color-overlay\"><\/div><div class='container av-section-cont-open' style='height:200px'><main  role=\"main\" itemprop=\"mainContentOfPage\"  class='template-page content  av-content-full alpha units'><div class='post-entry post-entry-type-page post-entry-1461'><div class='entry-content-wrapper clearfix'>\n\n<style type=\"text\/css\" data-created_by=\"avia_inline_auto\" id=\"style-css-av-jgf3pjem-ee2a691ebc0a9a100bc99d372a9c72ca\">\n#top .flex_column.av-jgf3pjem-ee2a691ebc0a9a100bc99d372a9c72ca{\nmargin-top:0px;\nmargin-bottom:0px;\n}\n.flex_column.av-jgf3pjem-ee2a691ebc0a9a100bc99d372a9c72ca{\nborder-radius:0px 0px 0px 0px;\npadding:0px 0px 0px 0px;\n}\n.responsive #top #wrap_all .flex_column.av-jgf3pjem-ee2a691ebc0a9a100bc99d372a9c72ca{\nmargin-top:0px;\nmargin-bottom:0px;\n}\n<\/style>\n<div  class='flex_column av-jgf3pjem-ee2a691ebc0a9a100bc99d372a9c72ca av_one_full  avia-builder-el-1  avia-builder-el-no-sibling  first flex_column_div av-animated-generic left-to-right av-zero-column-padding  '     ><style type=\"text\/css\" data-created_by=\"avia_inline_auto\" id=\"style-css-av-woz9e-2d5be30444dc3c92fbd9b6f4985f70a0\">\n#top .av-special-heading.av-woz9e-2d5be30444dc3c92fbd9b6f4985f70a0{\nmargin:0 0 0 0;\npadding-bottom:0;\ncolor:#ffffff;\nfont-size:40px;\n}\nbody .av-special-heading.av-woz9e-2d5be30444dc3c92fbd9b6f4985f70a0 .av-special-heading-tag .heading-char{\nfont-size:25px;\n}\n#top #wrap_all .av-special-heading.av-woz9e-2d5be30444dc3c92fbd9b6f4985f70a0 .av-special-heading-tag{\nfont-size:40px;\n}\n.av-special-heading.av-woz9e-2d5be30444dc3c92fbd9b6f4985f70a0 .special-heading-inner-border{\nborder-color:#ffffff;\n}\n.av-special-heading.av-woz9e-2d5be30444dc3c92fbd9b6f4985f70a0 .av-subheading{\nfont-size:25px;\n}\n\n@media only screen and (min-width: 480px) and (max-width: 767px){ \n#top #wrap_all .av-special-heading.av-woz9e-2d5be30444dc3c92fbd9b6f4985f70a0 .av-special-heading-tag{\nfont-size:0.8em;\n}\n}\n\n@media only screen and (max-width: 479px){ \n#top #wrap_all .av-special-heading.av-woz9e-2d5be30444dc3c92fbd9b6f4985f70a0 .av-special-heading-tag{\nfont-size:0.8em;\n}\n}\n<\/style>\n<div  class='av-special-heading av-woz9e-2d5be30444dc3c92fbd9b6f4985f70a0 av-special-heading-h2 custom-color-heading blockquote modern-quote modern-centered  avia-builder-el-2  avia-builder-el-no-sibling  av-inherit-size'><h2 class='av-special-heading-tag '  itemprop=\"headline\"  >Sijainti<\/h2><div class=\"special-heading-border\"><div class=\"special-heading-inner-border\"><\/div><\/div><\/div><\/div><\/div><\/div><\/main><!-- close content main element --><\/div><\/div><\/div>\n<style type=\"text\/css\" data-created_by=\"avia_inline_auto\" id=\"style-css-av-qet8u-ea9a9fa4d553d58380606020d418eb61\">\n.avia-section.av-qet8u-ea9a9fa4d553d58380606020d418eb61{\nbackground-color:#232323;\nbackground-image:unset;\n}\n<\/style>\n<div id='av_section_2'  class='avia-section av-qet8u-ea9a9fa4d553d58380606020d418eb61 main_color avia-section-default avia-no-border-styling  avia-builder-el-3  el_after_av_section  el_before_av_layout_row  avia-bg-style-scroll container_wrap fullsize'  ><div class='container av-section-cont-open' ><div class='template-page content  av-content-full alpha units'><div class='post-entry post-entry-type-page post-entry-1461'><div class='entry-content-wrapper clearfix'>\n<div class='flex_column_table av-mdzqiv41-dff5fe63937137dd526694497366a6c8 sc-av_one_third av-equal-height-column-flextable'><div  class='flex_column av-mdzqiv41-dff5fe63937137dd526694497366a6c8 av_one_third  avia-builder-el-4  el_before_av_one_third  avia-builder-el-first  first flex_column_table_cell av-equal-height-column av-align-top  '     ><p>\n<style type=\"text\/css\" data-created_by=\"avia_inline_auto\" id=\"style-css-av-mdzqhhdy-fc1588962af7d1c613a58f0780aea622\">\n.avia-image-container.av-mdzqhhdy-fc1588962af7d1c613a58f0780aea622 img.avia_image{\nbox-shadow:none;\n}\n.avia-image-container.av-mdzqhhdy-fc1588962af7d1c613a58f0780aea622 .av-image-caption-overlay-center{\ncolor:#ffffff;\n}\n<\/style>\n<div  class='avia-image-container av-mdzqhhdy-fc1588962af7d1c613a58f0780aea622 av-styling- avia-align-center  avia-builder-el-5  el_before_av_heading  avia-builder-el-first '   itemprop=\"image\" itemscope=\"itemscope\" itemtype=\"https:\/\/schema.org\/ImageObject\" ><div class=\"avia-image-container-inner\"><div class=\"avia-image-overlay-wrap\"><img decoding=\"async\" fetchpriority=\"high\" class='wp-image-1240 avia-img-lazy-loading-not-1240 avia_image ' src=\"https:\/\/emmi.ee\/wp-content\/uploads\/2025\/08\/5-118x102-2.png\" alt='' title=''  height=\"102\" width=\"118\"  itemprop=\"thumbnailUrl\"  \/><\/div><\/div><\/div><br \/>\n\n<style type=\"text\/css\" data-created_by=\"avia_inline_auto\" id=\"style-css-av-mdzqi8pl-451e25bdc24684e2402cad9826626ed9\">\n#top .av-special-heading.av-mdzqi8pl-451e25bdc24684e2402cad9826626ed9{\npadding-bottom:10px;\ncolor:#ffffff;\n}\nbody .av-special-heading.av-mdzqi8pl-451e25bdc24684e2402cad9826626ed9 .av-special-heading-tag .heading-char{\nfont-size:25px;\n}\n.av-special-heading.av-mdzqi8pl-451e25bdc24684e2402cad9826626ed9 .special-heading-inner-border{\nborder-color:#ffffff;\n}\n.av-special-heading.av-mdzqi8pl-451e25bdc24684e2402cad9826626ed9 .av-subheading{\nfont-size:15px;\ncolor:#ffffff;\n}\n<\/style>\n<div  class='av-special-heading av-mdzqi8pl-451e25bdc24684e2402cad9826626ed9 av-special-heading-h3 custom-color-heading blockquote modern-quote modern-centered  avia-builder-el-6  el_after_av_image  avia-builder-el-last '><h3 class='av-special-heading-tag '  itemprop=\"headline\"  >50 metri\u00e4<\/h3><div class='av_custom_color av-subheading av-subheading_below'><p>P\u00e4rnun suurin ja edullisin hypermarketti Maxima XXX sek\u00e4 muut palveluntarjoajat sijaitsevat vain 50 metrin p\u00e4\u00e4ss\u00e4 hotellihuoneestasi.<\/p>\n<\/div><div class=\"special-heading-border\"><div class=\"special-heading-inner-border\"><\/div><\/div><\/div><\/p><\/div><div class='av-flex-placeholder'><\/div><div  class='flex_column av-9o42-8ba238abee8de481cbb463267fbbf617 av_one_third  avia-builder-el-7  el_after_av_one_third  el_before_av_one_third  flex_column_table_cell av-equal-height-column av-align-top  '     ><p>\n<style type=\"text\/css\" data-created_by=\"avia_inline_auto\" id=\"style-css-av-mdzqhxra-f70a4ae3128bdecc573a66b72c07b8d7\">\n.avia-image-container.av-mdzqhxra-f70a4ae3128bdecc573a66b72c07b8d7 img.avia_image{\nbox-shadow:none;\n}\n.avia-image-container.av-mdzqhxra-f70a4ae3128bdecc573a66b72c07b8d7 .av-image-caption-overlay-center{\ncolor:#ffffff;\n}\n<\/style>\n<div  class='avia-image-container av-mdzqhxra-f70a4ae3128bdecc573a66b72c07b8d7 av-styling- avia-align-center  avia-builder-el-8  el_before_av_heading  avia-builder-el-first '   itemprop=\"image\" itemscope=\"itemscope\" itemtype=\"https:\/\/schema.org\/ImageObject\" ><div class=\"avia-image-container-inner\"><div class=\"avia-image-overlay-wrap\"><img decoding=\"async\" fetchpriority=\"high\" class='wp-image-1258 avia-img-lazy-loading-not-1258 avia_image ' src=\"https:\/\/emmi.ee\/wp-content\/uploads\/2025\/08\/13-108x112-2.png\" alt='' title=''  height=\"112\" width=\"108\"  itemprop=\"thumbnailUrl\" srcset=\"https:\/\/emmi.ee\/wp-content\/uploads\/2025\/08\/13-108x112-2.png 108w, https:\/\/emmi.ee\/wp-content\/uploads\/2025\/08\/13-108x112-2-36x36.png 36w\" sizes=\"(max-width: 108px) 100vw, 108px\" \/><\/div><\/div><\/div><br \/>\n\n<style type=\"text\/css\" data-created_by=\"avia_inline_auto\" id=\"style-css-av-mdzqii99-169d9cd36dfa7ac59a4749419278a20f\">\n#top .av-special-heading.av-mdzqii99-169d9cd36dfa7ac59a4749419278a20f{\npadding-bottom:10px;\ncolor:#ffffff;\n}\nbody .av-special-heading.av-mdzqii99-169d9cd36dfa7ac59a4749419278a20f .av-special-heading-tag .heading-char{\nfont-size:25px;\n}\n.av-special-heading.av-mdzqii99-169d9cd36dfa7ac59a4749419278a20f .special-heading-inner-border{\nborder-color:#ffffff;\n}\n.av-special-heading.av-mdzqii99-169d9cd36dfa7ac59a4749419278a20f .av-subheading{\nfont-size:15px;\ncolor:#ffffff;\n}\n<\/style>\n<div  class='av-special-heading av-mdzqii99-169d9cd36dfa7ac59a4749419278a20f av-special-heading-h3 custom-color-heading blockquote modern-quote modern-centered  avia-builder-el-9  el_after_av_image  avia-builder-el-last '><h3 class='av-special-heading-tag '  itemprop=\"headline\"  >1,8 km rantaan<\/h3><div class='av_custom_color av-subheading av-subheading_below'><p>P\u00e4rnun ranta on 1,8 kilometrin ja 20 minuutin k\u00e4velymatkan p\u00e4\u00e4ss\u00e4.<\/p>\n<\/div><div class=\"special-heading-border\"><div class=\"special-heading-inner-border\"><\/div><\/div><\/div><\/p><\/div><div class='av-flex-placeholder'><\/div><div  class='flex_column av-kei8y-7dbbda246ffc14f005a71e230766296d av_one_third  avia-builder-el-10  el_after_av_one_third  avia-builder-el-last  flex_column_table_cell av-equal-height-column av-align-top  '     ><p>\n<style type=\"text\/css\" data-created_by=\"avia_inline_auto\" id=\"style-css-av-mdzqi197-629d43655a72832305fcb6da14784849\">\n.avia-image-container.av-mdzqi197-629d43655a72832305fcb6da14784849 img.avia_image{\nbox-shadow:none;\n}\n.avia-image-container.av-mdzqi197-629d43655a72832305fcb6da14784849 .av-image-caption-overlay-center{\ncolor:#ffffff;\n}\n<\/style>\n<div  class='avia-image-container av-mdzqi197-629d43655a72832305fcb6da14784849 av-styling- avia-align-center  avia-builder-el-11  el_before_av_heading  avia-builder-el-first '   itemprop=\"image\" itemscope=\"itemscope\" itemtype=\"https:\/\/schema.org\/ImageObject\" ><div class=\"avia-image-container-inner\"><div class=\"avia-image-overlay-wrap\"><img decoding=\"async\" fetchpriority=\"high\" class='wp-image-1255 avia-img-lazy-loading-not-1255 avia_image ' src=\"https:\/\/emmi.ee\/wp-content\/uploads\/2025\/08\/12-121x84-2.png\" alt='' title=''  height=\"84\" width=\"121\"  itemprop=\"thumbnailUrl\"  \/><\/div><\/div><\/div><br \/>\n\n<style type=\"text\/css\" data-created_by=\"avia_inline_auto\" id=\"style-css-av-mdzqirnl-cf93c26fac371e23eb5f240b91dfb389\">\n#top .av-special-heading.av-mdzqirnl-cf93c26fac371e23eb5f240b91dfb389{\npadding-bottom:10px;\ncolor:#ffffff;\n}\nbody .av-special-heading.av-mdzqirnl-cf93c26fac371e23eb5f240b91dfb389 .av-special-heading-tag .heading-char{\nfont-size:25px;\n}\n.av-special-heading.av-mdzqirnl-cf93c26fac371e23eb5f240b91dfb389 .special-heading-inner-border{\nborder-color:#ffffff;\n}\n.av-special-heading.av-mdzqirnl-cf93c26fac371e23eb5f240b91dfb389 .av-subheading{\nfont-size:15px;\ncolor:#ffffff;\n}\n<\/style>\n<div  class='av-special-heading av-mdzqirnl-cf93c26fac371e23eb5f240b91dfb389 av-special-heading-h3 custom-color-heading blockquote modern-quote modern-centered  avia-builder-el-12  el_after_av_image  avia-builder-el-last '><h3 class='av-special-heading-tag '  itemprop=\"headline\"  >15 minuuttia<\/h3><div class='av_custom_color av-subheading av-subheading_below'><p>P\u00e4rnun suurin kauppakeskus Kaubamajakas on 1,4 kilometrin ja 15 minuutin k\u00e4velymatkan p\u00e4\u00e4ss\u00e4.<\/p>\n<\/div><div class=\"special-heading-border\"><div class=\"special-heading-inner-border\"><\/div><\/div><\/div><\/p><\/div><\/div><!--close column table wrapper. Autoclose: 1 --><\/div><\/div><\/div><!-- close content main div --><\/div><\/div><div id='av-layout-grid-1'  class='av-layout-grid-container av-g4w5m-3eca3495f70384a31b663957a877b62d entry-content-wrapper main_color av-flex-cells  avia-builder-el-13  el_after_av_section  el_before_av_layout_row  grid-row-not-first  container_wrap fullsize'  >\n\n<style type=\"text\/css\" data-created_by=\"avia_inline_auto\" id=\"style-css-av-9ymm2-0bbdc19efff47f66530f19b5ce7abb6b\">\n.flex_cell.av-9ymm2-0bbdc19efff47f66530f19b5ce7abb6b{\nvertical-align:top;\nbackground-color:#d4af37;\n}\n.responsive #top #wrap_all .flex_cell.av-9ymm2-0bbdc19efff47f66530f19b5ce7abb6b{\npadding:5px 5px 5px 5px !important;\n}\n<\/style>\n<div class='flex_cell av-9ymm2-0bbdc19efff47f66530f19b5ce7abb6b av-gridrow-cell av_one_full no_margin  avia-builder-el-14  avia-builder-el-no-sibling '  ><div class='flex_cell_inner'><\/div><\/div>\n<\/div><\/p>\n<div id='av-layout-grid-2'  class='av-layout-grid-container av-fb9sq-1f4da79723860415cf6b8612cbbdbab0 entry-content-wrapper main_color av-flex-cells  avia-builder-el-15  el_after_av_layout_row  el_before_av_layout_row  grid-row-not-first  container_wrap fullsize'  >\n\n<style type=\"text\/css\" data-created_by=\"avia_inline_auto\" id=\"style-css-av-aphfm-7201116bbd196595266f50c25444a107\">\n.flex_cell.av-aphfm-7201116bbd196595266f50c25444a107{\nvertical-align:top;\nbackground-color:#232323;\n}\n<\/style>\n<div class='flex_cell av-aphfm-7201116bbd196595266f50c25444a107 av-gridrow-cell av_one_full no_margin  avia-builder-el-16  avia-builder-el-no-sibling '  ><div class='flex_cell_inner'><p>\n<style type=\"text\/css\" data-created_by=\"avia_inline_auto\" id=\"style-css-av-jgs0mam9-3ac572a33410f39703c49bbc39391d6d\">\n#top .av-special-heading.av-jgs0mam9-3ac572a33410f39703c49bbc39391d6d{\nmargin:0 0 0 0;\npadding-bottom:30px;\n}\nbody .av-special-heading.av-jgs0mam9-3ac572a33410f39703c49bbc39391d6d .av-special-heading-tag .heading-char{\nfont-size:25px;\n}\n.av-special-heading.av-jgs0mam9-3ac572a33410f39703c49bbc39391d6d .av-subheading{\nfont-size:25px;\n}\n<\/style>\n<div  class='av-special-heading av-jgs0mam9-3ac572a33410f39703c49bbc39391d6d av-special-heading-h2 blockquote modern-quote modern-centered  avia-builder-el-17  el_before_av_codeblock  avia-builder-el-first '><h2 class='av-special-heading-tag '  itemprop=\"headline\"  >Katso sijaintimme kartalta:<\/h2><div class=\"special-heading-border\"><div class=\"special-heading-inner-border\"><\/div><\/div><\/div><br \/>\n<\/p>\n<\/div><\/div><\/div><div id='av-layout-grid-3'  class='av-layout-grid-container av-gknaa-bc21710d1ccd2fb2eb6f5059f82b06ec entry-content-wrapper main_color av-flex-cells  avia-builder-el-19  el_after_av_layout_row  avia-builder-el-last  grid-row-not-first  container_wrap fullsize'  >\n\n<style type=\"text\/css\" data-created_by=\"avia_inline_auto\" id=\"style-css-av-b6mpu-a7ebe87a05e66eb9fc2a8c90b5cc195a\">\n.flex_cell.av-b6mpu-a7ebe87a05e66eb9fc2a8c90b5cc195a{\nvertical-align:top;\nbackground-color:#d4af37;\n}\n.responsive #top #wrap_all .flex_cell.av-b6mpu-a7ebe87a05e66eb9fc2a8c90b5cc195a{\npadding:5px 5px 5px 5px !important;\n}\n<\/style>\n<div class='flex_cell av-b6mpu-a7ebe87a05e66eb9fc2a8c90b5cc195a av-gridrow-cell av_one_full no_margin  avia-builder-el-20  avia-builder-el-no-sibling '  ><div class='flex_cell_inner'><\/div><\/div>\n<\/div><\/p>\n","protected":false},"excerpt":{"rendered":"","protected":false},"author":1,"featured_media":0,"parent":0,"menu_order":0,"comment_status":"closed","ping_status":"closed","template":"","meta":{"footnotes":""},"class_list":["post-1461","page","type-page","status-publish","hentry"],"yoast_head":"<!-- This site is optimized with the Yoast SEO plugin v26.5 - https:\/\/yoast.com\/wordpress\/plugins\/seo\/ -->\n<title>Sijainti - Hotell EMMI<\/title>\n<meta name=\"robots\" content=\"index, follow, max-snippet:-1, max-image-preview:large, max-video-preview:-1\" \/>\n<link rel=\"canonical\" href=\"https:\/\/emmi.ee\/fi\/sijainti\/\" \/>\n<meta property=\"og:locale\" content=\"fi_FI\" \/>\n<meta property=\"og:type\" content=\"article\" \/>\n<meta property=\"og:title\" content=\"Sijainti - Hotell EMMI\" \/>\n<meta property=\"og:url\" content=\"https:\/\/emmi.ee\/fi\/sijainti\/\" \/>\n<meta property=\"og:site_name\" content=\"Hotell EMMI\" \/>\n<meta property=\"article:modified_time\" content=\"2025-10-11T07:34:34+00:00\" \/>\n<meta name=\"twitter:card\" content=\"summary_large_image\" \/>\n<meta name=\"twitter:label1\" content=\"Arvioitu lukuaika\" \/>\n\t<meta name=\"twitter:data1\" content=\"25 minuuttia\" \/>\n<script type=\"application\/ld+json\" class=\"yoast-schema-graph\">{\"@context\":\"https:\/\/schema.org\",\"@graph\":[{\"@type\":\"WebPage\",\"@id\":\"https:\/\/emmi.ee\/fi\/sijainti\/\",\"url\":\"https:\/\/emmi.ee\/fi\/sijainti\/\",\"name\":\"Sijainti - Hotell EMMI\",\"isPartOf\":{\"@id\":\"https:\/\/emmi.ee\/#website\"},\"datePublished\":\"2015-07-16T09:12:44+00:00\",\"dateModified\":\"2025-10-11T07:34:34+00:00\",\"breadcrumb\":{\"@id\":\"https:\/\/emmi.ee\/fi\/sijainti\/#breadcrumb\"},\"inLanguage\":\"fi\",\"potentialAction\":[{\"@type\":\"ReadAction\",\"target\":[\"https:\/\/emmi.ee\/fi\/sijainti\/\"]}]},{\"@type\":\"BreadcrumbList\",\"@id\":\"https:\/\/emmi.ee\/fi\/sijainti\/#breadcrumb\",\"itemListElement\":[{\"@type\":\"ListItem\",\"position\":1,\"name\":\"Home\",\"item\":\"https:\/\/emmi.ee\/fi\/etusivu\/\"},{\"@type\":\"ListItem\",\"position\":2,\"name\":\"Sijainti\"}]},{\"@type\":\"WebSite\",\"@id\":\"https:\/\/emmi.ee\/#website\",\"url\":\"https:\/\/emmi.ee\/\",\"name\":\"Hotell EMMI\",\"description\":\"\",\"potentialAction\":[{\"@type\":\"SearchAction\",\"target\":{\"@type\":\"EntryPoint\",\"urlTemplate\":\"https:\/\/emmi.ee\/?s={search_term_string}\"},\"query-input\":{\"@type\":\"PropertyValueSpecification\",\"valueRequired\":true,\"valueName\":\"search_term_string\"}}],\"inLanguage\":\"fi\"}]}<\/script>\n<!-- \/ Yoast SEO plugin. -->","yoast_head_json":{"title":"Sijainti - Hotell EMMI","robots":{"index":"index","follow":"follow","max-snippet":"max-snippet:-1","max-image-preview":"max-image-preview:large","max-video-preview":"max-video-preview:-1"},"canonical":"https:\/\/emmi.ee\/fi\/sijainti\/","og_locale":"fi_FI","og_type":"article","og_title":"Sijainti - Hotell EMMI","og_url":"https:\/\/emmi.ee\/fi\/sijainti\/","og_site_name":"Hotell EMMI","article_modified_time":"2025-10-11T07:34:34+00:00","twitter_card":"summary_large_image","twitter_misc":{"Arvioitu lukuaika":"25 minuuttia"},"schema":{"@context":"https:\/\/schema.org","@graph":[{"@type":"WebPage","@id":"https:\/\/emmi.ee\/fi\/sijainti\/","url":"https:\/\/emmi.ee\/fi\/sijainti\/","name":"Sijainti - Hotell EMMI","isPartOf":{"@id":"https:\/\/emmi.ee\/#website"},"datePublished":"2015-07-16T09:12:44+00:00","dateModified":"2025-10-11T07:34:34+00:00","breadcrumb":{"@id":"https:\/\/emmi.ee\/fi\/sijainti\/#breadcrumb"},"inLanguage":"fi","potentialAction":[{"@type":"ReadAction","target":["https:\/\/emmi.ee\/fi\/sijainti\/"]}]},{"@type":"BreadcrumbList","@id":"https:\/\/emmi.ee\/fi\/sijainti\/#breadcrumb","itemListElement":[{"@type":"ListItem","position":1,"name":"Home","item":"https:\/\/emmi.ee\/fi\/etusivu\/"},{"@type":"ListItem","position":2,"name":"Sijainti"}]},{"@type":"WebSite","@id":"https:\/\/emmi.ee\/#website","url":"https:\/\/emmi.ee\/","name":"Hotell EMMI","description":"","potentialAction":[{"@type":"SearchAction","target":{"@type":"EntryPoint","urlTemplate":"https:\/\/emmi.ee\/?s={search_term_string}"},"query-input":{"@type":"PropertyValueSpecification","valueRequired":true,"valueName":"search_term_string"}}],"inLanguage":"fi"}]}},"_links":{"self":[{"href":"https:\/\/emmi.ee\/fi\/wp-json\/wp\/v2\/pages\/1461","targetHints":{"allow":["GET"]}}],"collection":[{"href":"https:\/\/emmi.ee\/fi\/wp-json\/wp\/v2\/pages"}],"about":[{"href":"https:\/\/emmi.ee\/fi\/wp-json\/wp\/v2\/types\/page"}],"author":[{"embeddable":true,"href":"https:\/\/emmi.ee\/fi\/wp-json\/wp\/v2\/users\/1"}],"replies":[{"embeddable":true,"href":"https:\/\/emmi.ee\/fi\/wp-json\/wp\/v2\/comments?post=1461"}],"version-history":[{"count":4,"href":"https:\/\/emmi.ee\/fi\/wp-json\/wp\/v2\/pages\/1461\/revisions"}],"predecessor-version":[{"id":1465,"href":"https:\/\/emmi.ee\/fi\/wp-json\/wp\/v2\/pages\/1461\/revisions\/1465"}],"wp:attachment":[{"href":"https:\/\/emmi.ee\/fi\/wp-json\/wp\/v2\/media?parent=1461"}],"curies":[{"name":"wp","href":"https:\/\/api.w.org\/{rel}","templated":true}]}}